{"id":12,"date":"2023-01-06T13:38:42","date_gmt":"2023-01-06T13:38:42","guid":{"rendered":"https:\/\/spartanstyle.shop\/cart\/"},"modified":"2023-01-06T14:52:11","modified_gmt":"2023-01-06T14:52:11","slug":"grozs","status":"publish","type":"page","link":"https:\/\/spartanstyle.shop\/?page_id=12","title":{"rendered":"Grozs"},"content":{"rendered":"<div class=\"woocommerce\"><div class=\"woocommerce-notices-wrapper\"><\/div><div class=\"wc-empty-cart-message\">\n\t<div class=\"cart-empty woocommerce-info\">\n\t\tJ\u016bsu grozs ir tuk\u0161s.\t<\/div>\n<\/div>\t\t\t<link rel=\"stylesheet\" id=\"wd-woo-page-empty-page-css\" href=\"https:\/\/spartanstyle.shop\/wp-content\/themes\/woodmart\/css\/parts\/woo-page-empty-page.min.css?ver=7.5.1\" type=\"text\/css\" media=\"all\" \/> \t\t\t\t\t<p class=\"cart-empty wd-empty-page wc-empty-cart-message\">\n\t\t\tJ\u016bsu grozs ir tuk\u0161s.\t\t<\/p>\n\t\t\t\t\t\t<div class=\"wd-empty-page-text\">\n\t\t\t\tPirms turpin\u0101t nor\u0113\u0137in\u0101ties, iepirkumu grozam ir j\u0101pievieno da\u017ei produkti.<br> M\u016bsu \"Veikals\" lap\u0101 atrad\u012bsit daudz interesantu produktu.\t\t\t<\/div>\n\t\t\t\t<p class=\"return-to-shop\">\n\t\t<a class=\"button wc-backward\" href=\"https:\/\/spartanstyle.shop\/?page_id=11\">\n\t\t\tAtgriezties uz veikalu\t\t<\/a>\n\t<\/p>\n<\/div>\n","protected":false},"excerpt":{"rendered":"","protected":false},"author":9,"featured_media":0,"parent":0,"menu_order":0,"comment_status":"closed","ping_status":"closed","template":"","meta":{"footnotes":""},"class_list":["post-12","page","type-page","status-publish","hentry"],"lang":"lv","translations":{"lv":12},"pll_sync_post":[],"_links":{"self":[{"href":"https:\/\/spartanstyle.shop\/index.php?rest_route=\/wp\/v2\/pages\/12","targetHints":{"allow":["GET"]}}],"collection":[{"href":"https:\/\/spartanstyle.shop\/index.php?rest_route=\/wp\/v2\/pages"}],"about":[{"href":"https:\/\/spartanstyle.shop\/index.php?rest_route=\/wp\/v2\/types\/page"}],"author":[{"embeddable":true,"href":"https:\/\/spartanstyle.shop\/index.php?rest_route=\/wp\/v2\/users\/9"}],"replies":[{"embeddable":true,"href":"https:\/\/spartanstyle.shop\/index.php?rest_route=%2Fwp%2Fv2%2Fcomments&post=12"}],"version-history":[{"count":1,"href":"https:\/\/spartanstyle.shop\/index.php?rest_route=\/wp\/v2\/pages\/12\/revisions"}],"predecessor-version":[{"id":8492,"href":"https:\/\/spartanstyle.shop\/index.php?rest_route=\/wp\/v2\/pages\/12\/revisions\/8492"}],"wp:attachment":[{"href":"https:\/\/spartanstyle.shop\/index.php?rest_route=%2Fwp%2Fv2%2Fmedia&parent=12"}],"curies":[{"name":"wp","href":"https:\/\/api.w.org\/{rel}","templated":true}]}}