{"id":15,"date":"2023-01-06T13:38:42","date_gmt":"2023-01-06T13:38:42","guid":{"rendered":"https:\/\/spartanstyle.shop\/?page_id=15"},"modified":"2023-11-22T10:18:04","modified_gmt":"2023-11-22T10:18:04","slug":"lietosanas-noteikumi","status":"publish","type":"page","link":"https:\/\/spartanstyle.shop\/?page_id=15","title":{"rendered":"Lieto\u0161anas noteikumi"},"content":{"rendered":"\n<p><h3>P\u0101rskats<\/h3><\/p>\n\n\n\n<p>M\u016bsu atmaksas un atgrie\u0161anas politika ir sp\u0113k\u0101 30\u00a0dienas. Ja kop\u0161 pirkuma ir pag\u0101ju\u0161as 30\u00a0dienas, m\u0113s nevaram pied\u0101v\u0101t pilnu naudas atmaksu vai apmai\u0146u.<\/p>\n\n\n\n<p>Lai prece b\u016btu piem\u0113rota atgrie\u0161anai, tai j\u0101b\u016bt nelietotai un t\u0101d\u0101 pa\u0161\u0101 st\u0101vokl\u012b, k\u0101d\u0101 to sa\u0146\u0113m\u0101t. Tam j\u0101b\u016bt ar\u012b ori\u0123in\u0101laj\u0101 iepakojum\u0101.<\/p>\n\n\n\n<p>Vair\u0101ku veidu preces ir atbr\u012bvotas no atgrie\u0161anas. Preces, kas \u0101tri boj\u0101jas, piem\u0113ram, p\u0101rtiku, ziedus, av\u012bzes vai \u017eurn\u0101lus, nevar atgriezt. M\u0113s ar\u012b nepie\u0146emam produktus, kas ir int\u012bmas vai higi\u0113nas preces, b\u012bstami materi\u0101li vai viegli uzliesmojo\u0161i \u0161\u0137idrumi vai g\u0101zes. <\/p>\n\n\n\n<p>Papildu neatgrie\u017eam\u0101s preces:<\/p>\n\n\n\n<ul class=\"wp-block-list\">\n<li>D\u0101vanu kartes<\/li>\n\n\n\n<li>Lejupiel\u0101d\u0113jami programmat\u016bras produkti<\/li>\n\n\n\n<li>Da\u017ei vesel\u012bbas un person\u012bg\u0101s apr\u016bpes priek\u0161meti<\/li>\n<\/ul>\n\n\n\n<p>Lai pabeigtu atgrie\u0161anu, mums ir nepiecie\u0161ama \u010deka vai pirkuma apliecin\u0101jums.<\/p>\n\n\n\n<p>L\u016bdzu, nes\u016btiet pirkumu atpaka\u013c ra\u017eot\u0101jam.<\/p>\n\n\n\n<p>Ir da\u017eas situ\u0101cijas, kad tiek pie\u0161\u0137irta tikai da\u013c\u0113ja atmaksa:<\/p>\n\n\n\n<ul class=\"wp-block-list\">\n<li>Gr\u0101mata ar ac\u012bmredzam\u0101m lieto\u0161anas paz\u012bm\u0113m<\/li>\n\n\n\n<li>CD, DVD, VHS lente, programmat\u016bra, videosp\u0113le, kase\u0161u lente vai vinila ieraksts, kas ir atv\u0113rts.<\/li>\n\n\n\n<li>Jebkura prece, kas nav s\u0101kotn\u0113j\u0101 st\u0101vokl\u012b, ir boj\u0101ta vai tr\u016bkst deta\u013cu t\u0101du iemeslu d\u0113\u013c, kas nav saist\u012bta ar m\u016bsu k\u013c\u016bdu.<\/li>\n\n\n\n<li>Jebkura prece, kas tiek atgriezta vair\u0101k nek\u0101 30 dienas p\u0113c pieg\u0101des<\/li>\n<\/ul>\n\n\n\n<p><h2>Atmaksas<\/h2><\/p>\n\n\n\n<p>Kad j\u016bsu atgrie\u0161ana b\u016bs sa\u0146emta un p\u0101rbaud\u012bta, m\u0113s nos\u016bt\u012bsim jums e-pastu, lai inform\u0113tu, ka esam sa\u0146\u0113mu\u0161i j\u016bsu atgriezto preci.<\/p>\n\n\n\n<p>M\u0113s ar\u012b inform\u0113sim j\u016bs par j\u016bsu atmaksas apstiprin\u0101\u0161anu vai noraid\u012b\u0161anu. Ja j\u016bs tiksiet apstiprin\u0101ts, j\u016bsu atmaksa tiks apstr\u0101d\u0101ta un noteiktu dienu laik\u0101 j\u016bsu kred\u012btkartei vai s\u0101kotn\u0113jam maks\u0101juma veidam tiks autom\u0101tiski piem\u0113rots kred\u012bts.<\/p>\n\n\n\n<p>Nov\u0113lota vai tr\u016bksto\u0161a atmaksa<\/p>\n\n\n\n<p>Ja v\u0113l neesat sa\u0146\u0113mis atmaksu, vispirms v\u0113lreiz p\u0101rbaudiet savu bankas kontu.<\/p>\n\n\n\n<p>P\u0113c tam sazinieties ar savu kred\u012btkartes izsniedz\u0113ju. Var paiet zin\u0101ms laiks, l\u012bdz j\u016bsu atmaksa tiks ofici\u0101li public\u0113ta.<\/p>\n\n\n\n<p>P\u0113c tam sazinieties ar savu banku. Bie\u017ei vien pirms atmaksas nos\u016bt\u012b\u0161anas paiet zin\u0101ms apstr\u0101des laiks. <\/p>\n\n\n\n<p>Ja esat to visu izdar\u012bjis un joproj\u0101m neesat sa\u0146\u0113mis atmaksu, l\u016bdzu, sazinieties ar mums uz {e-pasta adrese}. Izp\u0101rdo\u0161anas preces Atmaks\u0101t var tikai preces par parasto cenu. Izp\u0101rdo\u0161anas preces nevar atmaks\u0101t.<\/p>\n\n\n\n<h2 class=\"wp-block-heading\">Bir\u017eas<\/h2>\n\n\n\n<p>M\u0113s nomain\u0101m preces tikai tad, ja t\u0101s ir boj\u0101tas vai boj\u0101tas. Ja v\u0113laties to apmain\u012bt pret to pa\u0161u preci, nos\u016btiet mums e-pastu uz {epasta adrese} un nos\u016btiet savu preci uz: {fizisk\u0101 adrese}.<\/p>\n\n\n\n<p><h2>D\u0101vanas<\/h2><\/p>\n\n\n\n<p>Ja prece tika atz\u012bm\u0113ta k\u0101 d\u0101vana, kad t\u0101 tika ieg\u0101d\u0101ta un nos\u016bt\u012bta tie\u0161i jums, j\u016bs sa\u0146emsiet d\u0101vanu kred\u012btu par atgrie\u0161an\u0101s v\u0113rt\u012bbu. Kad atgriezt\u0101 prece b\u016bs sa\u0146emta, jums tiks nos\u016bt\u012bts d\u0101vanu sertifik\u0101ts. Ja preces ieg\u0101des br\u012bd\u012b prece nebija atz\u012bm\u0113ta k\u0101 d\u0101vana vai d\u0101vanas d\u0101vin\u0101t\u0101js pas\u016bt\u012bjums tika nos\u016bt\u012bts vi\u0146am pa\u0161am, lai to nodotu v\u0113l\u0101k, m\u0113s nos\u016bt\u012bsim d\u0101vanas dev\u0113jam naudas atmaksu, un vi\u0146\u0161 uzzin\u0101s par j\u016bsu atgrie\u0161anu.<\/p>\n\n\n\n<p><h2>Pieg\u0101des atgrie\u0161ana<\/h2><\/p>\n\n\n\n<p>Lai atgrieztu preci, jums tas j\u0101nos\u016bta pa pastu uz: {fizisk\u0101 adrese}.<\/p>\n\n\n\n<p>J\u016bs b\u016bsiet atbild\u012bgs par savu pieg\u0101des izmaksu apmaksu par preces atgrie\u0161anu. Pieg\u0101des izmaksas nav atmaks\u0101jamas. Ja sa\u0146emat atmaksu, atgrie\u0161anas pieg\u0101des izmaksas tiks atskait\u012btas no j\u016bsu kompens\u0101cijas.<\/p>\n\n\n\n<p>Atkar\u012bb\u0101 no j\u016bsu dz\u012bvesvietas laiks, kas var ilgt, l\u012bdz j\u016bsu apmain\u012btais produkts non\u0101ks pie jums, var at\u0161\u0137irties.<\/p>\n\n\n\n<p>Ja atgrie\u017eat d\u0101rg\u0101kas preces, varat apsv\u0113rt iesp\u0113ju izmantot izsekojamu pieg\u0101des pakalpojumu vai ieg\u0101d\u0101ties pieg\u0101des apdro\u0161in\u0101\u0161anu. M\u0113s negarant\u0113jam, ka sa\u0146emsim j\u016bsu atgriezto preci.<\/p>\n\n\n\n<p><h2>Nepiecie\u0161ama pal\u012bdz\u012bba?<\/h2><\/p>\n\n\n\n<p>Sazinieties ar mums pa e-pastu {email}, ja jums ir jaut\u0101jumi par naudas atmaksu un atgrie\u0161anu.<\/p>\n","protected":false},"excerpt":{"rendered":"<p>P\u0101rskats M\u016bsu atmaksas un atgrie\u0161anas politika ir sp\u0113k\u0101 30\u00a0dienas. Ja kop\u0161 pirkuma ir pag\u0101ju\u0161as 30\u00a0dienas, m\u0113s nevaram pied\u0101v\u0101t pilnu naudas<\/p>\n","protected":false},"author":9,"featured_media":0,"parent":0,"menu_order":0,"comment_status":"closed","ping_status":"closed","template":"","meta":{"footnotes":""},"class_list":["post-15","page","type-page","status-publish","hentry"],"lang":"lv","translations":{"lv":15},"pll_sync_post":[],"_links":{"self":[{"href":"https:\/\/spartanstyle.shop\/index.php?rest_route=\/wp\/v2\/pages\/15","targetHints":{"allow":["GET"]}}],"collection":[{"href":"https:\/\/spartanstyle.shop\/index.php?rest_route=\/wp\/v2\/pages"}],"about":[{"href":"https:\/\/spartanstyle.shop\/index.php?rest_route=\/wp\/v2\/types\/page"}],"author":[{"embeddable":true,"href":"https:\/\/spartanstyle.shop\/index.php?rest_route=\/wp\/v2\/users\/9"}],"replies":[{"embeddable":true,"href":"https:\/\/spartanstyle.shop\/index.php?rest_route=%2Fwp%2Fv2%2Fcomments&post=15"}],"version-history":[{"count":2,"href":"https:\/\/spartanstyle.shop\/index.php?rest_route=\/wp\/v2\/pages\/15\/revisions"}],"predecessor-version":[{"id":9333,"href":"https:\/\/spartanstyle.shop\/index.php?rest_route=\/wp\/v2\/pages\/15\/revisions\/9333"}],"wp:attachment":[{"href":"https:\/\/spartanstyle.shop\/index.php?rest_route=%2Fwp%2Fv2%2Fmedia&parent=15"}],"curies":[{"name":"wp","href":"https:\/\/api.w.org\/{rel}","templated":true}]}}