{"id":9131,"date":"2023-11-07T13:24:07","date_gmt":"2023-11-07T13:24:07","guid":{"rendered":"https:\/\/spartanstyle.shop\/?post_type=product&#038;p=9131"},"modified":"2024-04-14T17:23:33","modified_gmt":"2024-04-14T17:23:33","slug":"t-krekli-latviete-bez-limitiem","status":"publish","type":"product","link":"https:\/\/spartanstyle.shop\/?product=t-krekli-latviete-bez-limitiem","title":{"rendered":"T-krekls &#8220;Latviete bez limitiem&#8221;"},"content":{"rendered":"<p><span style=\"font-weight: 400;\">100% kokvilna, biezais audums, kvalitat\u012bva pl\u0101n\u0101 apdruka.<\/span><\/p>\n<p>Dizaina noz\u012bme.<\/p>\n<p class=\"cvGsUA direction-ltr align-justify para-style-body\"><span class=\"OYPEnA text-decoration-none text-strikethrough-none\">Latvie\u0161iem ir rakstur\u012bgs stiprs gars, dro\u0161sird\u012bba un c\u012b\u0146as spars. Par to liecina ar\u012b m\u016bsu v\u0113sture, kad m\u016bsu sen\u010di c\u012bn\u012bj\u0101s par Latvijas br\u012bv\u012bbu un neatkar\u012bbu. Skaitliski neliela tauta, paveica \u0161\u0137ietami neiesp\u0113jamo &#8211; izc\u012bn\u012bja sev br\u012bv\u012bbu st\u0101joties pret\u012b da\u017e\u0101d\u0101m lielvar\u0101m. T\u0101p\u0113c ar lepnumu varam sevi saukt par latvie\u0161iem.<\/span><\/p>\n<p class=\"cvGsUA direction-ltr align-justify para-style-body\"><span class=\"OYPEnA text-decoration-none text-strikethrough-none\">\u0160is dizains veidots, lai mums atg\u0101din\u0101tu par m\u016bsu sp\u0113c\u012bgo garu. Mums pa s\u0113kam ir viss, ko v\u0113lamies sav\u0101 dz\u012bv\u0113 un m\u016bsu vien\u012bgie limiti ir m\u016bsu pr\u0101t\u0101. T\u0101p\u0113c mainot dom\u0101\u0161anu un atmetot visus limitus, m\u0113s varam sasniegt pat \u0161\u0137ietami neiesp\u0113jamo.<\/span><\/p>\n","protected":false},"excerpt":{"rendered":"<p><span style=\"font-weight: 400;\">100% kokvilna, biezais audums, kvalitat\u012bva pl\u0101n\u0101 apdruka.<\/span><\/p>\n<p class=\"cvGsUA direction-ltr align-justify para-style-body\">\n","protected":false},"featured_media":9666,"template":"","meta":[],"product_cat":[312,366],"product_tag":[],"class_list":{"0":"post-9131","1":"product","2":"type-product","3":"status-publish","4":"has-post-thumbnail","6":"product_cat-apgerbs","7":"product_cat-t-krekli","9":"first","10":"onbackorder","11":"shipping-taxable","12":"purchasable","13":"product-type-variable"},"lang":"lv","translations":{"lv":9131},"pll_sync_post":[],"_links":{"self":[{"href":"https:\/\/spartanstyle.shop\/index.php?rest_route=\/wp\/v2\/product\/9131","targetHints":{"allow":["GET"]}}],"collection":[{"href":"https:\/\/spartanstyle.shop\/index.php?rest_route=\/wp\/v2\/product"}],"about":[{"href":"https:\/\/spartanstyle.shop\/index.php?rest_route=\/wp\/v2\/types\/product"}],"version-history":[{"count":7,"href":"https:\/\/spartanstyle.shop\/index.php?rest_route=\/wp\/v2\/product\/9131\/revisions"}],"predecessor-version":[{"id":10614,"href":"https:\/\/spartanstyle.shop\/index.php?rest_route=\/wp\/v2\/product\/9131\/revisions\/10614"}],"wp:featuredmedia":[{"embeddable":true,"href":"https:\/\/spartanstyle.shop\/index.php?rest_route=\/wp\/v2\/media\/9666"}],"wp:attachment":[{"href":"https:\/\/spartanstyle.shop\/index.php?rest_route=%2Fwp%2Fv2%2Fmedia&parent=9131"}],"wp:term":[{"taxonomy":"product_cat","embeddable":true,"href":"https:\/\/spartanstyle.shop\/index.php?rest_route=%2Fwp%2Fv2%2Fproduct_cat&post=9131"},{"taxonomy":"product_tag","embeddable":true,"href":"https:\/\/spartanstyle.shop\/index.php?rest_route=%2Fwp%2Fv2%2Fproduct_tag&post=9131"}],"curies":[{"name":"wp","href":"https:\/\/api.w.org\/{rel}","templated":true}]}}