{"id":9223,"date":"2023-11-07T13:50:54","date_gmt":"2023-11-07T13:50:54","guid":{"rendered":"https:\/\/spartanstyle.shop\/?post_type=product&#038;p=9223"},"modified":"2024-04-14T17:37:26","modified_gmt":"2024-04-14T17:37:26","slug":"jaunie-krekli-your-only-limit-is-your-mind","status":"publish","type":"product","link":"https:\/\/spartanstyle.shop\/?product=jaunie-krekli-your-only-limit-is-your-mind","title":{"rendered":"T-krekls YOUR ONLY LIMIT IS YOUR MIND"},"content":{"rendered":"<p><span style=\"font-weight: 400;\">100% kokvilna, biezais audums, kvalitat\u012bva pl\u0101n\u0101 apdruka.<\/span><\/p>\n<p><span style=\"font-weight: 400;\">T-krekls ar motiv\u0113jo\u0161u uzrakstu \u201cYOUR ONLY LIMIT IS YOUR MIND\u201d.<\/span><\/p>\n","protected":false},"excerpt":{"rendered":"<p><span style=\"font-weight: 400;\">100% kokvilna, biezais audums, kvalitat\u012bva pl\u0101n\u0101 apdruka.<\/span><\/p>\n<p><span style=\"font-weight: 400;\">T-krekls ar motiv\u0113jo\u0161u uzrakstu \u201cYOUR ONLY LIMIT IS YOUR MIND\u201d.<\/span><\/p>\n","protected":false},"featured_media":9231,"template":"","meta":[],"product_cat":[312,378,366],"product_tag":[],"class_list":{"0":"post-9223","1":"product","2":"type-product","3":"status-publish","4":"has-post-thumbnail","6":"product_cat-apgerbs","7":"product_cat-motivejosi-krekli","8":"product_cat-t-krekli","10":"first","11":"onbackorder","12":"shipping-taxable","13":"purchasable","14":"product-type-variable"},"lang":"lv","translations":{"lv":9223},"pll_sync_post":[],"_links":{"self":[{"href":"https:\/\/spartanstyle.shop\/index.php?rest_route=\/wp\/v2\/product\/9223","targetHints":{"allow":["GET"]}}],"collection":[{"href":"https:\/\/spartanstyle.shop\/index.php?rest_route=\/wp\/v2\/product"}],"about":[{"href":"https:\/\/spartanstyle.shop\/index.php?rest_route=\/wp\/v2\/types\/product"}],"version-history":[{"count":3,"href":"https:\/\/spartanstyle.shop\/index.php?rest_route=\/wp\/v2\/product\/9223\/revisions"}],"predecessor-version":[{"id":10607,"href":"https:\/\/spartanstyle.shop\/index.php?rest_route=\/wp\/v2\/product\/9223\/revisions\/10607"}],"wp:featuredmedia":[{"embeddable":true,"href":"https:\/\/spartanstyle.shop\/index.php?rest_route=\/wp\/v2\/media\/9231"}],"wp:attachment":[{"href":"https:\/\/spartanstyle.shop\/index.php?rest_route=%2Fwp%2Fv2%2Fmedia&parent=9223"}],"wp:term":[{"taxonomy":"product_cat","embeddable":true,"href":"https:\/\/spartanstyle.shop\/index.php?rest_route=%2Fwp%2Fv2%2Fproduct_cat&post=9223"},{"taxonomy":"product_tag","embeddable":true,"href":"https:\/\/spartanstyle.shop\/index.php?rest_route=%2Fwp%2Fv2%2Fproduct_tag&post=9223"}],"curies":[{"name":"wp","href":"https:\/\/api.w.org\/{rel}","templated":true}]}}