{"id":9622,"date":"2023-11-27T08:09:24","date_gmt":"2023-11-27T08:09:24","guid":{"rendered":"https:\/\/spartanstyle.shop\/?post_type=product&#038;p=9622"},"modified":"2024-04-14T16:38:50","modified_gmt":"2024-04-14T16:38:50","slug":"mana-zeme-latvija-un-lauvas-gerbonis","status":"publish","type":"product","link":"https:\/\/spartanstyle.shop\/?product=mana-zeme-latvija-un-lauvas-gerbonis","title":{"rendered":"H\u016bdijs &#8220;Mana zeme Latvija&#8221; un Lauvas \u0123\u0113rbonis"},"content":{"rendered":"<p>\u013boti laba kvalit\u0101te ar siltin\u0101jumu iek\u0161pus\u0113 un kabatu priek\u0161pus\u0113.<\/p>\n<p>50% kokvilna, 50% poliesteris.<\/p>\n","protected":false},"excerpt":{"rendered":"<p>\u013boti laba kvalit\u0101te ar siltin\u0101jumu iek\u0161pus\u0113 un kabatu priek\u0161pus\u0113.<\/p>\n<p>50% kokvilna, 50% poliesteris.<\/p>\n","protected":false},"featured_media":9631,"template":"","meta":[],"product_cat":[312,318],"product_tag":[],"class_list":{"0":"post-9622","1":"product","2":"type-product","3":"status-publish","4":"has-post-thumbnail","6":"product_cat-apgerbs","7":"product_cat-hodiji","9":"first","10":"onbackorder","11":"shipping-taxable","12":"purchasable","13":"product-type-variable"},"lang":"lv","translations":{"lv":9622},"pll_sync_post":[],"_links":{"self":[{"href":"https:\/\/spartanstyle.shop\/index.php?rest_route=\/wp\/v2\/product\/9622","targetHints":{"allow":["GET"]}}],"collection":[{"href":"https:\/\/spartanstyle.shop\/index.php?rest_route=\/wp\/v2\/product"}],"about":[{"href":"https:\/\/spartanstyle.shop\/index.php?rest_route=\/wp\/v2\/types\/product"}],"version-history":[{"count":5,"href":"https:\/\/spartanstyle.shop\/index.php?rest_route=\/wp\/v2\/product\/9622\/revisions"}],"predecessor-version":[{"id":10606,"href":"https:\/\/spartanstyle.shop\/index.php?rest_route=\/wp\/v2\/product\/9622\/revisions\/10606"}],"wp:featuredmedia":[{"embeddable":true,"href":"https:\/\/spartanstyle.shop\/index.php?rest_route=\/wp\/v2\/media\/9631"}],"wp:attachment":[{"href":"https:\/\/spartanstyle.shop\/index.php?rest_route=%2Fwp%2Fv2%2Fmedia&parent=9622"}],"wp:term":[{"taxonomy":"product_cat","embeddable":true,"href":"https:\/\/spartanstyle.shop\/index.php?rest_route=%2Fwp%2Fv2%2Fproduct_cat&post=9622"},{"taxonomy":"product_tag","embeddable":true,"href":"https:\/\/spartanstyle.shop\/index.php?rest_route=%2Fwp%2Fv2%2Fproduct_tag&post=9622"}],"curies":[{"name":"wp","href":"https:\/\/api.w.org\/{rel}","templated":true}]}}