{"id":9672,"date":"2023-11-27T09:02:21","date_gmt":"2023-11-27T09:02:21","guid":{"rendered":"https:\/\/spartanstyle.shop\/?post_type=product&#038;p=9672"},"modified":"2024-04-14T17:21:11","modified_gmt":"2024-04-14T17:21:11","slug":"t-krekli-mana-zeme-latvija-un-lauvas-gerbonis","status":"publish","type":"product","link":"https:\/\/spartanstyle.shop\/?product=t-krekli-mana-zeme-latvija-un-lauvas-gerbonis","title":{"rendered":"T-krekls &#8220;Mana zeme Latvija&#8221; un Lauvas \u0123erbonis"},"content":{"rendered":"<p><span style=\"font-weight: 400;\">100% kokvilna, biezais audums, kvalitat\u012bva pl\u0101n\u0101 apdruka.<\/span><\/p>\n","protected":false},"excerpt":{"rendered":"<p><span style=\"font-weight: 400;\">100% kokvilna, biezais audums, kvalitat\u012bva pl\u0101n\u0101 apdruka.<\/span><\/p>\n","protected":false},"featured_media":9683,"template":"","meta":[],"product_cat":[312,366],"product_tag":[],"class_list":{"0":"post-9672","1":"product","2":"type-product","3":"status-publish","4":"has-post-thumbnail","6":"product_cat-apgerbs","7":"product_cat-t-krekli","9":"first","10":"instock","11":"shipping-taxable","12":"purchasable","13":"product-type-variable"},"lang":"lv","translations":{"lv":9672},"pll_sync_post":[],"_links":{"self":[{"href":"https:\/\/spartanstyle.shop\/index.php?rest_route=\/wp\/v2\/product\/9672","targetHints":{"allow":["GET"]}}],"collection":[{"href":"https:\/\/spartanstyle.shop\/index.php?rest_route=\/wp\/v2\/product"}],"about":[{"href":"https:\/\/spartanstyle.shop\/index.php?rest_route=\/wp\/v2\/types\/product"}],"version-history":[{"count":5,"href":"https:\/\/spartanstyle.shop\/index.php?rest_route=\/wp\/v2\/product\/9672\/revisions"}],"predecessor-version":[{"id":10610,"href":"https:\/\/spartanstyle.shop\/index.php?rest_route=\/wp\/v2\/product\/9672\/revisions\/10610"}],"wp:featuredmedia":[{"embeddable":true,"href":"https:\/\/spartanstyle.shop\/index.php?rest_route=\/wp\/v2\/media\/9683"}],"wp:attachment":[{"href":"https:\/\/spartanstyle.shop\/index.php?rest_route=%2Fwp%2Fv2%2Fmedia&parent=9672"}],"wp:term":[{"taxonomy":"product_cat","embeddable":true,"href":"https:\/\/spartanstyle.shop\/index.php?rest_route=%2Fwp%2Fv2%2Fproduct_cat&post=9672"},{"taxonomy":"product_tag","embeddable":true,"href":"https:\/\/spartanstyle.shop\/index.php?rest_route=%2Fwp%2Fv2%2Fproduct_tag&post=9672"}],"curies":[{"name":"wp","href":"https:\/\/api.w.org\/{rel}","templated":true}]}}