{"id":9685,"date":"2023-11-27T09:19:10","date_gmt":"2023-11-27T09:19:10","guid":{"rendered":"https:\/\/spartanstyle.shop\/?post_type=product&#038;p=9685"},"modified":"2024-04-26T15:51:40","modified_gmt":"2024-04-26T15:51:40","slug":"mana-zeme-latvija","status":"publish","type":"product","link":"https:\/\/spartanstyle.shop\/?product=mana-zeme-latvija","title":{"rendered":"T-krekls &#8220;Mana zeme Latvija&#8221;"},"content":{"rendered":"<p><span style=\"font-weight: 400;\">100% kokvilna, biezais audums, kvalitat\u012bva pl\u0101n\u0101 apdruka.<\/span><\/p>\n","protected":false},"excerpt":{"rendered":"<p><span style=\"font-weight: 400;\">100% kokvilna, biezais audums, kvalitat\u012bva pl\u0101n\u0101 apdruka.<\/span><\/p>\n","protected":false},"featured_media":9687,"template":"","meta":[],"product_cat":[312,366],"product_tag":[],"class_list":{"0":"post-9685","1":"product","2":"type-product","3":"status-publish","4":"has-post-thumbnail","6":"product_cat-apgerbs","7":"product_cat-t-krekli","9":"first","10":"instock","11":"shipping-taxable","12":"purchasable","13":"product-type-variable"},"lang":"lv","translations":{"lv":9685},"pll_sync_post":[],"_links":{"self":[{"href":"https:\/\/spartanstyle.shop\/index.php?rest_route=\/wp\/v2\/product\/9685","targetHints":{"allow":["GET"]}}],"collection":[{"href":"https:\/\/spartanstyle.shop\/index.php?rest_route=\/wp\/v2\/product"}],"about":[{"href":"https:\/\/spartanstyle.shop\/index.php?rest_route=\/wp\/v2\/types\/product"}],"version-history":[{"count":4,"href":"https:\/\/spartanstyle.shop\/index.php?rest_route=\/wp\/v2\/product\/9685\/revisions"}],"predecessor-version":[{"id":10611,"href":"https:\/\/spartanstyle.shop\/index.php?rest_route=\/wp\/v2\/product\/9685\/revisions\/10611"}],"wp:featuredmedia":[{"embeddable":true,"href":"https:\/\/spartanstyle.shop\/index.php?rest_route=\/wp\/v2\/media\/9687"}],"wp:attachment":[{"href":"https:\/\/spartanstyle.shop\/index.php?rest_route=%2Fwp%2Fv2%2Fmedia&parent=9685"}],"wp:term":[{"taxonomy":"product_cat","embeddable":true,"href":"https:\/\/spartanstyle.shop\/index.php?rest_route=%2Fwp%2Fv2%2Fproduct_cat&post=9685"},{"taxonomy":"product_tag","embeddable":true,"href":"https:\/\/spartanstyle.shop\/index.php?rest_route=%2Fwp%2Fv2%2Fproduct_tag&post=9685"}],"curies":[{"name":"wp","href":"https:\/\/api.w.org\/{rel}","templated":true}]}}