{"id":9705,"date":"2023-11-27T09:28:29","date_gmt":"2023-11-27T09:28:29","guid":{"rendered":"https:\/\/spartanstyle.shop\/?post_type=product&#038;p=9705"},"modified":"2024-05-06T00:48:43","modified_gmt":"2024-05-06T00:48:43","slug":"komplekti-latvija","status":"publish","type":"product","link":"https:\/\/spartanstyle.shop\/?product=komplekti-latvija","title":{"rendered":"Komplekts b\u0113rnu &#8220;Latvija&#8221;"},"content":{"rendered":"<p>D\u017eemper\u012btis ar kapuci un apdruku, un bikses.<br \/>\nKvalitat\u012bvs, ar siltumi\u0146u iek\u0161pus\u0113, kabatu priek\u0161pus\u0113 un kapuci.<br \/>\nSast\u0101vs 100% poliesteris.<\/p>\n<p>&nbsp;<\/p>\n<p>Dizaina noz\u012bme.<\/p>\n<p class=\"cvGsUA direction-ltr align-justify para-style-body\"><span class=\"OYPEnA text-decoration-none text-strikethrough-none\">Vai zin\u0101ji, ka Latvijas karogs ir viens no Pasaul\u0113 vec\u0101kajiem valsts karogiem?<\/span><\/p>\n<p class=\"cvGsUA direction-ltr align-justify para-style-body\"><span class=\"OYPEnA text-decoration-none text-strikethrough-none\">T\u0101 aizs\u0101kums meklejams 1279.gad\u0101, kad zemga\u013cu vadonis Namejs vad\u012bja uzbrukumu pret krustne\u0161iem un kauj\u0101 pie C\u0113s\u012bm ierad\u0101s ar sarkanbaltsarkanu karogu.<\/span><\/p>\n<p class=\"cvGsUA direction-ltr align-justify para-style-body\"><span class=\"OYPEnA text-decoration-none text-strikethrough-none\">Latvijas valsts karogs simboliz\u0113 latvie\u0161u c\u012bn\u012bt\u0101ja garu, br\u012bv\u012bbu un neatkar\u012bbu. Tas ir bijis noz\u012bm\u012bgs simbols s\u0101kot no laika, kad Latvijas teritoriju cent\u0101s pak\u013caut krustne\u0161i, Latvijas br\u012bv\u012bbas kauj\u0101s, Latvijas valsts proklom\u0113\u0161an\u0101, Latvijas neatkar\u012bbas atjauno\u0161an\u0101, un pat padomju okup\u0101cijas gados, kad neskatoties uz draudo\u0161aj\u0101m represij\u0101m bija latvie\u0161i, kas izk\u0101ra \u0161o karogu, lai atg\u0101din\u0101tu par Latvijas valsts neatkar\u012bbu.<\/span><\/p>\n<p class=\"cvGsUA direction-ltr align-justify para-style-body\"><span class=\"OYPEnA text-decoration-none text-strikethrough-none\">Tas ir m\u016bsu valsts svar\u012bg\u0101kais simbols un katram latvietim ir patiess gods to n\u0113s\u0101t pie sav\u0101m kr\u016bt\u012bm.<\/span><\/p>\n","protected":false},"excerpt":{"rendered":"<p>D\u017eemper\u012btis ar kapuci un apdruku, un bikses.<br \/>\nKvalitat\u012bvs, ar siltumi\u0146u iek\u0161pus\u0113, kabatu priek\u0161pus\u0113 un kapuci.<br \/>\nSast\u0101vs 100% poliesteris<\/p>\n","protected":false},"featured_media":9714,"template":"","meta":[],"product_cat":[312,320,380],"product_tag":[],"class_list":{"0":"post-9705","1":"product","2":"type-product","3":"status-publish","4":"has-post-thumbnail","6":"product_cat-apgerbs","7":"product_cat-berniem","8":"product_cat-komplekti","10":"first","11":"instock","12":"shipping-taxable","13":"purchasable","14":"product-type-variable"},"lang":"lv","translations":{"lv":9705},"pll_sync_post":[],"_links":{"self":[{"href":"https:\/\/spartanstyle.shop\/index.php?rest_route=\/wp\/v2\/product\/9705","targetHints":{"allow":["GET"]}}],"collection":[{"href":"https:\/\/spartanstyle.shop\/index.php?rest_route=\/wp\/v2\/product"}],"about":[{"href":"https:\/\/spartanstyle.shop\/index.php?rest_route=\/wp\/v2\/types\/product"}],"version-history":[{"count":5,"href":"https:\/\/spartanstyle.shop\/index.php?rest_route=\/wp\/v2\/product\/9705\/revisions"}],"predecessor-version":[{"id":10603,"href":"https:\/\/spartanstyle.shop\/index.php?rest_route=\/wp\/v2\/product\/9705\/revisions\/10603"}],"wp:featuredmedia":[{"embeddable":true,"href":"https:\/\/spartanstyle.shop\/index.php?rest_route=\/wp\/v2\/media\/9714"}],"wp:attachment":[{"href":"https:\/\/spartanstyle.shop\/index.php?rest_route=%2Fwp%2Fv2%2Fmedia&parent=9705"}],"wp:term":[{"taxonomy":"product_cat","embeddable":true,"href":"https:\/\/spartanstyle.shop\/index.php?rest_route=%2Fwp%2Fv2%2Fproduct_cat&post=9705"},{"taxonomy":"product_tag","embeddable":true,"href":"https:\/\/spartanstyle.shop\/index.php?rest_route=%2Fwp%2Fv2%2Fproduct_tag&post=9705"}],"curies":[{"name":"wp","href":"https:\/\/api.w.org\/{rel}","templated":true}]}}